{"id":15804,"date":"2020-11-26T21:09:31","date_gmt":"2020-11-26T20:09:31","guid":{"rendered":"https:\/\/spis.aa.org.pl\/?page_id=15804"},"modified":"2025-09-10T14:43:51","modified_gmt":"2025-09-10T12:43:51","slug":"zgloszenia-dopisania-do-spisu-mitingow","status":"publish","type":"page","link":"https:\/\/spis.aa.org.pl\/index.php\/zgloszenia-dopisania-do-spisu-mitingow\/","title":{"rendered":"Zg\u0142oszenie o dopisanie do spisu mityng\u00f3w stacjonarnych"},"content":{"rendered":"\n<p>Informujemy, \u017ce formularz s\u0142u\u017cy do zg\u0142oszenia nowego mityngu kt\u00f3rego nie ma jeszcze w spisie. W przypadku zauwa\u017cenia b\u0142\u0119d\u00f3w na spisie nale\u017cy u\u017cywa\u0107 opcji &#8222;Powiadom o nieprawid\u0142owych danych&#8221; kt\u00f3ry znajduje si\u0119 na dole strony danego mityngu.<\/p>\n\n\n\n\n<div class=\"wpcf7 no-js\" id=\"wpcf7-f15801-o1\" lang=\"pl-PL\" dir=\"ltr\" data-wpcf7-id=\"15801\">\n<div class=\"screen-reader-response\"><p role=\"status\" aria-live=\"polite\" aria-atomic=\"true\"><\/p> <ul><\/ul><\/div>\n<form action=\"\/index.php\/wp-json\/wp\/v2\/pages\/15804#wpcf7-f15801-o1\" method=\"post\" class=\"wpcf7-form init\" aria-label=\"Formularz kontaktowy\" novalidate=\"novalidate\" data-status=\"init\">\n<fieldset class=\"hidden-fields-container\"><input type=\"hidden\" name=\"_wpcf7\" value=\"15801\" \/><input type=\"hidden\" name=\"_wpcf7_version\" value=\"6.1.5\" \/><input type=\"hidden\" name=\"_wpcf7_locale\" value=\"pl_PL\" \/><input type=\"hidden\" name=\"_wpcf7_unit_tag\" value=\"wpcf7-f15801-o1\" \/><input type=\"hidden\" name=\"_wpcf7_container_post\" value=\"0\" \/><input type=\"hidden\" name=\"_wpcf7_posted_data_hash\" value=\"\" \/>\n<\/fieldset>\n<p><label> Imi\u0119<br \/>\n<span class=\"wpcf7-form-control-wrap\" data-name=\"your-name\"><input size=\"40\" maxlength=\"400\" class=\"wpcf7-form-control wpcf7-text\" aria-invalid=\"false\" value=\"\" type=\"text\" name=\"your-name\" \/><\/span> <\/label>\n<\/p>\n<p><label> Tw\u00f3j email (podaj je\u015bli chcesz otrzyma\u0107 informacj\u0119 zwrotn\u0105)<br \/>\n<span class=\"wpcf7-form-control-wrap\" data-name=\"your-email\"><input size=\"40\" maxlength=\"400\" class=\"wpcf7-form-control wpcf7-email wpcf7-validates-as-required wpcf7-text wpcf7-validates-as-email\" aria-required=\"true\" aria-invalid=\"false\" value=\"\" type=\"email\" name=\"your-email\" \/><\/span> <\/label>\n<\/p>\n<p><label> Nazwa grupy<br \/>\n<span class=\"wpcf7-form-control-wrap\" data-name=\"your-group\"><input size=\"40\" maxlength=\"400\" class=\"wpcf7-form-control wpcf7-text\" aria-invalid=\"false\" value=\"\" type=\"text\" name=\"your-group\" \/><\/span> <\/label>\n<\/p>\n<p><label> Miejscowo\u015b\u0107<br \/>\n<span class=\"wpcf7-form-control-wrap\" data-name=\"your-city\"><input size=\"40\" maxlength=\"400\" class=\"wpcf7-form-control wpcf7-text\" aria-invalid=\"false\" value=\"\" type=\"text\" name=\"your-city\" \/><\/span> <\/label>\n<\/p>\n<p><label> Czy do sali mityngowej mo\u017cna wjecha\u0107 w\u00f3zkiem inwalidzkim? <\/label><br \/>\n<span class=\"wpcf7-form-control-wrap\" data-name=\"Czyjestpodjazddlawzkw\"><select class=\"wpcf7-form-control wpcf7-select\" aria-invalid=\"false\" name=\"Czyjestpodjazddlawzkw\"><option value=\"Tak\">Tak<\/option><option value=\"Nie\">Nie<\/option><\/select><\/span>\n<\/p>\n<p><label> Czy jest mo\u017cliwo\u015b\u0107 skorzystania z toalety dla w\u00f3zk\u00f3w inwalidzkich? <\/label><br \/>\n<span class=\"wpcf7-form-control-wrap\" data-name=\"Czyjesttoaletadlawzkw\"><select class=\"wpcf7-form-control wpcf7-select\" aria-invalid=\"false\" name=\"Czyjesttoaletadlawzkw\"><option value=\"Tak\">Tak<\/option><option value=\"Nie\">Nie<\/option><\/select><\/span>\n<\/p>\n<p><label> Czy na grupie mo\u017cna zakupi\u0107 literatur\u0119 AA? <\/label><br \/>\n<span class=\"wpcf7-form-control-wrap\" data-name=\"Czyjestliteratura\"><select class=\"wpcf7-form-control wpcf7-select\" aria-invalid=\"false\" name=\"Czyjestliteratura\"><option value=\"Tak\">Tak<\/option><option value=\"Nie\">Nie<\/option><\/select><\/span>\n<\/p>\n<p><label> Informacja o mityngach zamkni\u0119tych \/ otwartych:<br \/>\n<span class=\"wpcf7-form-control-wrap\" data-name=\"infozamkniete\"><input size=\"40\" maxlength=\"400\" class=\"wpcf7-form-control wpcf7-text\" aria-invalid=\"false\" value=\"\" type=\"text\" name=\"infozamkniete\" \/><\/span><\/label>\n<\/p>\n<p><label> Godzina rozpocz\u0119cia: <\/label><br \/>\n<span class=\"wpcf7-form-control-wrap\" data-name=\"godz-od\"><select class=\"wpcf7-form-control wpcf7-select wpcf7-validates-as-required\" aria-required=\"true\" aria-invalid=\"false\" name=\"godz-od\"><option value=\"1\">1<\/option><option value=\"2\">2<\/option><option value=\"3\">3<\/option><option value=\"4\">4<\/option><option value=\"5\">5<\/option><option value=\"6\">6<\/option><option value=\"7\">7<\/option><option value=\"8\">8<\/option><option value=\"9\">9<\/option><option value=\"10\">10<\/option><option value=\"11\">11<\/option><option value=\"12\">12<\/option><option value=\"13\">13<\/option><option value=\"14\">14<\/option><option value=\"15\">15<\/option><option value=\"16\">16<\/option><option value=\"17\">17<\/option><option value=\"18\">18<\/option><option value=\"19\">19<\/option><option value=\"20\">20<\/option><option value=\"21\">21<\/option><option value=\"22\">22<\/option><option value=\"23\">23<\/option><option value=\"24\">24<\/option><\/select><\/span>\n<\/p>\n<p><label> Godzina zako\u0144czenia: <\/label><br \/>\n<span class=\"wpcf7-form-control-wrap\" data-name=\"godz-do\"><select class=\"wpcf7-form-control wpcf7-select\" aria-invalid=\"false\" name=\"godz-do\"><option value=\"1\">1<\/option><option value=\"2\">2<\/option><option value=\"3\">3<\/option><option value=\"4\">4<\/option><option value=\"5\">5<\/option><option value=\"6\">6<\/option><option value=\"7\">7<\/option><option value=\"8\">8<\/option><option value=\"9\">9<\/option><option value=\"10\">10<\/option><option value=\"11\">11<\/option><option value=\"12\">12<\/option><option value=\"13\">13<\/option><option value=\"14\">14<\/option><option value=\"15\">15<\/option><option value=\"16\">16<\/option><option value=\"17\">17<\/option><option value=\"18\">18<\/option><option value=\"19\">19<\/option><option value=\"20\">20<\/option><option value=\"21\">21<\/option><option value=\"22\">22<\/option><option value=\"23\">23<\/option><option value=\"24\">24<\/option><\/select><\/span>\n<\/p>\n<p><label> Region:<br \/>\n<span class=\"wpcf7-form-control-wrap\" data-name=\"our-email\"><select class=\"wpcf7-form-control wpcf7-select wpcf7-validates-as-required\" aria-required=\"true\" aria-invalid=\"false\" name=\"our-email\"><option value=\"Katowice\">Katowice<\/option><option value=\"Bia\u0142ystok\">Bia\u0142ystok<\/option><option value=\"Ba\u0142tycki\">Ba\u0142tycki<\/option><option value=\"Kujawsko-Pomorski\">Kujawsko-Pomorski<\/option><option value=\"Galicja\">Galicja<\/option><option value=\"\u0141\u00f3d\u017a\">\u0141\u00f3d\u017a<\/option><option value=\"Lublin\">Lublin<\/option><option value=\"Warmi\u0144sko-Mazurski\">Warmi\u0144sko-Mazurski<\/option><option value=\"Dolno\u015bl\u0105ski\">Dolno\u015bl\u0105ski<\/option><option value=\"Warta\">Warta<\/option><option value=\"Zachodniopomorski\">Zachodniopomorski<\/option><option value=\"Radom\">Radom<\/option><option value=\"Mazowsze\">Mazowsze<\/option><option value=\"Europa\">Europa<\/option><option value=\"Nie wiem, nie nale\u017cy do struktur\">Nie wiem, nie nale\u017cy do struktur<\/option><\/select><\/span><br \/>\n<\/label>\n<\/p>\n<p><label> Tre\u015b\u0107 wiadomo\u015bci<br \/>\n<span class=\"wpcf7-form-control-wrap\" data-name=\"your-message\"><textarea cols=\"40\" rows=\"10\" maxlength=\"2000\" class=\"wpcf7-form-control wpcf7-textarea\" aria-invalid=\"false\" name=\"your-message\"><\/textarea><\/span> <\/label>\n<\/p>\n<p><label> Kontakt z reprezentantem grupy (mandatariusz \/ rzecznik)<br \/>\n<span class=\"wpcf7-form-control-wrap\" data-name=\"osobasluzebna\"><input size=\"40\" maxlength=\"400\" class=\"wpcf7-form-control wpcf7-text wpcf7-validates-as-required\" aria-required=\"true\" aria-invalid=\"false\" value=\"\" type=\"text\" name=\"osobasluzebna\" \/><\/span> <\/label>\n<\/p>\n<p><div id=\"cf7sr-69e01b336b512\" class=\"cf7sr-g-recaptcha\" data-theme=\"light\" data-type=\"image\" data-size=\"normal\" data-sitekey=\"6LcceqYZAAAAAKAoiz8ijBvKAiBFxCHEPJe7QKNP\"><\/div><span class=\"wpcf7-form-control-wrap cf7sr-recaptcha\" data-name=\"cf7sr-recaptcha\"><input type=\"hidden\" name=\"cf7sr-recaptcha\" value=\"\" class=\"wpcf7-form-control\"><\/span>\n<\/p>\n<p><input class=\"wpcf7-form-control wpcf7-submit has-spinner\" type=\"submit\" value=\"Wy\u015blij\" \/>\n<\/p><div class=\"wpcf7-response-output\" aria-hidden=\"true\"><\/div>\n<\/form>\n<\/div>\n\n","protected":false},"excerpt":{"rendered":"<p>Informujemy, \u017ce formularz s\u0142u\u017cy do zg\u0142oszenia nowego mityngu kt\u00f3rego nie ma jeszcze w spisie. W przypadku zauwa\u017cenia b\u0142\u0119d\u00f3w na spisie nale\u017cy u\u017cywa\u0107 opcji &#8222;Powiadom o nieprawid\u0142owych danych&#8221; kt\u00f3ry znajduje si\u0119 na dole strony danego mityngu.<\/p>\n","protected":false},"author":1,"featured_media":0,"parent":0,"menu_order":0,"comment_status":"closed","ping_status":"closed","template":"","meta":{"footnotes":""},"class_list":["post-15804","page","type-page","status-publish","hentry"],"_links":{"self":[{"href":"https:\/\/spis.aa.org.pl\/index.php\/wp-json\/wp\/v2\/pages\/15804","targetHints":{"allow":["GET"]}}],"collection":[{"href":"https:\/\/spis.aa.org.pl\/index.php\/wp-json\/wp\/v2\/pages"}],"about":[{"href":"https:\/\/spis.aa.org.pl\/index.php\/wp-json\/wp\/v2\/types\/page"}],"author":[{"embeddable":true,"href":"https:\/\/spis.aa.org.pl\/index.php\/wp-json\/wp\/v2\/users\/1"}],"replies":[{"embeddable":true,"href":"https:\/\/spis.aa.org.pl\/index.php\/wp-json\/wp\/v2\/comments?post=15804"}],"version-history":[{"count":5,"href":"https:\/\/spis.aa.org.pl\/index.php\/wp-json\/wp\/v2\/pages\/15804\/revisions"}],"predecessor-version":[{"id":26550,"href":"https:\/\/spis.aa.org.pl\/index.php\/wp-json\/wp\/v2\/pages\/15804\/revisions\/26550"}],"wp:attachment":[{"href":"https:\/\/spis.aa.org.pl\/index.php\/wp-json\/wp\/v2\/media?parent=15804"}],"curies":[{"name":"wp","href":"https:\/\/api.w.org\/{rel}","templated":true}]}}