{"id":15808,"date":"2020-11-26T21:10:58","date_gmt":"2020-11-26T20:10:58","guid":{"rendered":"https:\/\/spis.aa.org.pl\/?page_id=15808"},"modified":"2025-09-10T14:42:18","modified_gmt":"2025-09-10T12:42:18","slug":"zgloszenie-o-dopisanie-do-spisu-mitingow-online","status":"publish","type":"page","link":"https:\/\/spis.aa.org.pl\/index.php\/zgloszenie-o-dopisanie-do-spisu-mitingow-online\/","title":{"rendered":"Zg\u0142oszenie o dopisanie do spisu mityng\u00f3w online"},"content":{"rendered":"\n<p>Informujemy, \u017ce formularz s\u0142u\u017cy do zg\u0142oszenia nowego mityngu kt\u00f3rego nie ma jeszcze w spisie. W przypadku zauwa\u017cenia b\u0142\u0119d\u00f3w na spisie nale\u017cy u\u017cywa\u0107 opcji &#8222;Powiadom o nieprawid\u0142owych danych&#8221; kt\u00f3ry znajduje si\u0119 na dole strony danego mityngu.<\/p>\n\n\n\n\n<div class=\"wpcf7 no-js\" id=\"wpcf7-f15802-o1\" lang=\"pl-PL\" dir=\"ltr\" data-wpcf7-id=\"15802\">\n<div class=\"screen-reader-response\"><p role=\"status\" aria-live=\"polite\" aria-atomic=\"true\"><\/p> <ul><\/ul><\/div>\n<form action=\"\/index.php\/wp-json\/wp\/v2\/pages\/15808#wpcf7-f15802-o1\" method=\"post\" class=\"wpcf7-form init\" aria-label=\"Formularz kontaktowy\" novalidate=\"novalidate\" data-status=\"init\">\n<fieldset class=\"hidden-fields-container\"><input type=\"hidden\" name=\"_wpcf7\" value=\"15802\" \/><input type=\"hidden\" name=\"_wpcf7_version\" value=\"6.1.5\" \/><input type=\"hidden\" name=\"_wpcf7_locale\" value=\"pl_PL\" \/><input type=\"hidden\" name=\"_wpcf7_unit_tag\" value=\"wpcf7-f15802-o1\" \/><input type=\"hidden\" name=\"_wpcf7_container_post\" value=\"0\" \/><input type=\"hidden\" name=\"_wpcf7_posted_data_hash\" value=\"\" \/>\n<\/fieldset>\n<p><label> Imi\u0119<br \/>\n<span class=\"wpcf7-form-control-wrap\" data-name=\"your-name\"><input size=\"40\" maxlength=\"400\" class=\"wpcf7-form-control wpcf7-text\" aria-invalid=\"false\" value=\"\" type=\"text\" name=\"your-name\" \/><\/span> <\/label>\n<\/p>\n<p><label> Tw\u00f3j email (podaj je\u015bli chcesz otrzyma\u0107 informacj\u0119 zwrotn\u0105)<br \/>\n<span class=\"wpcf7-form-control-wrap\" data-name=\"your-email\"><input size=\"40\" maxlength=\"400\" class=\"wpcf7-form-control wpcf7-email wpcf7-validates-as-required wpcf7-text wpcf7-validates-as-email\" aria-required=\"true\" aria-invalid=\"false\" value=\"\" type=\"email\" name=\"your-email\" \/><\/span> <\/label>\n<\/p>\n<p><label> Nazwa grupy<br \/>\n<span class=\"wpcf7-form-control-wrap\" data-name=\"your-group\"><input size=\"40\" maxlength=\"400\" class=\"wpcf7-form-control wpcf7-text\" aria-invalid=\"false\" value=\"\" type=\"text\" name=\"your-group\" \/><\/span> <\/label>\n<\/p>\n<p><label> Czas mityngu od <\/label><br \/>\n<span class=\"wpcf7-form-control-wrap\" data-name=\"godz-od\"><select class=\"wpcf7-form-control wpcf7-select wpcf7-validates-as-required\" aria-required=\"true\" aria-invalid=\"false\" name=\"godz-od\"><option value=\"1\">1<\/option><option value=\"2\">2<\/option><option value=\"3\">3<\/option><option value=\"4\">4<\/option><option value=\"5\">5<\/option><option value=\"6\">6<\/option><option value=\"7\">7<\/option><option value=\"8\">8<\/option><option value=\"9\">9<\/option><option value=\"10\">10<\/option><option value=\"11\">11<\/option><option value=\"12\">12<\/option><option value=\"13\">13<\/option><option value=\"14\">14<\/option><option value=\"15\">15<\/option><option value=\"16\">16<\/option><option value=\"17\">17<\/option><option value=\"18\">18<\/option><option value=\"19\">19<\/option><option value=\"20\">20<\/option><option value=\"21\">21<\/option><option value=\"22\">22<\/option><option value=\"23\">23<\/option><option value=\"24\">24<\/option><\/select><\/span>\n<\/p>\n<p><label> Czas mityngu do <\/label><br \/>\n<span class=\"wpcf7-form-control-wrap\" data-name=\"godz-do\"><select class=\"wpcf7-form-control wpcf7-select\" aria-invalid=\"false\" name=\"godz-do\"><option value=\"1\">1<\/option><option value=\"2\">2<\/option><option value=\"3\">3<\/option><option value=\"4\">4<\/option><option value=\"5\">5<\/option><option value=\"6\">6<\/option><option value=\"7\">7<\/option><option value=\"8\">8<\/option><option value=\"9\">9<\/option><option value=\"10\">10<\/option><option value=\"11\">11<\/option><option value=\"12\">12<\/option><option value=\"13\">13<\/option><option value=\"14\">14<\/option><option value=\"15\">15<\/option><option value=\"16\">16<\/option><option value=\"17\">17<\/option><option value=\"18\">18<\/option><option value=\"19\">19<\/option><option value=\"20\">20<\/option><option value=\"21\">21<\/option><option value=\"22\">22<\/option><option value=\"23\">23<\/option><option value=\"24\">24<\/option><\/select><\/span>\n<\/p>\n<p><label> Platforma<br \/>\n<span class=\"wpcf7-form-control-wrap\" data-name=\"text-platforma\"><input size=\"40\" maxlength=\"400\" class=\"wpcf7-form-control wpcf7-text\" aria-invalid=\"false\" placeholder=\"Zoom, Skype, Google Meet, Telekonferencja itp.\" value=\"\" type=\"text\" name=\"text-platforma\" \/><\/span> <\/label>\n<\/p>\n<p><label> Link do spotkania<br \/>\n<span class=\"wpcf7-form-control-wrap\" data-name=\"link-mitingu\"><input size=\"40\" maxlength=\"400\" class=\"wpcf7-form-control wpcf7-text\" aria-invalid=\"false\" value=\"\" type=\"text\" name=\"link-mitingu\" \/><\/span> <\/label>\n<\/p>\n<p><label> Numer telefonu do udzia\u0142u w spotkaniu<br \/>\n<span class=\"wpcf7-form-control-wrap\" data-name=\"link-mitingu-telefon\"><input size=\"40\" maxlength=\"400\" class=\"wpcf7-form-control wpcf7-text\" aria-invalid=\"false\" value=\"\" type=\"text\" name=\"link-mitingu-telefon\" \/><\/span> <\/label>\n<\/p>\n<p><label> Kod dost\u0119pu telekonferencji<br \/>\n<span class=\"wpcf7-form-control-wrap\" data-name=\"link-mitingu-kod\"><input size=\"40\" maxlength=\"400\" class=\"wpcf7-form-control wpcf7-text\" aria-invalid=\"false\" value=\"\" type=\"text\" name=\"link-mitingu-kod\" \/><\/span> <\/label>\n<\/p>\n<p><label> Informacja o mityngach zamkni\u0119tych \/ otwartych:<br \/>\n<span class=\"wpcf7-form-control-wrap\" data-name=\"infozamkniete\"><input size=\"40\" maxlength=\"400\" class=\"wpcf7-form-control wpcf7-text\" aria-invalid=\"false\" value=\"\" type=\"text\" name=\"infozamkniete\" \/><\/span><\/label>\n<\/p>\n<p><label> Uwagi<br \/>\n<span class=\"wpcf7-form-control-wrap\" data-name=\"your-message\"><textarea cols=\"40\" rows=\"10\" maxlength=\"2000\" class=\"wpcf7-form-control wpcf7-textarea\" aria-invalid=\"false\" name=\"your-message\"><\/textarea><\/span> <\/label>\n<\/p>\n<p><label> Kontakt z reprezentantem grupy (mandatariusz \/ rzecznik)<br \/>\n<span class=\"wpcf7-form-control-wrap\" data-name=\"osobasluzebna\"><input size=\"40\" maxlength=\"400\" class=\"wpcf7-form-control wpcf7-text wpcf7-validates-as-required\" aria-required=\"true\" aria-invalid=\"false\" value=\"\" type=\"text\" name=\"osobasluzebna\" \/><\/span> <\/label>\n<\/p>\n<p><div id=\"cf7sr-69e0fde8cf419\" class=\"cf7sr-g-recaptcha\" data-theme=\"light\" data-type=\"image\" data-size=\"normal\" data-sitekey=\"6LcceqYZAAAAAKAoiz8ijBvKAiBFxCHEPJe7QKNP\"><\/div><span class=\"wpcf7-form-control-wrap cf7sr-recaptcha\" data-name=\"cf7sr-recaptcha\"><input type=\"hidden\" name=\"cf7sr-recaptcha\" value=\"\" class=\"wpcf7-form-control\"><\/span>\n<\/p>\n<p><input class=\"wpcf7-form-control wpcf7-submit has-spinner\" type=\"submit\" value=\"Wy\u015blij\" \/>\n<\/p><div class=\"wpcf7-response-output\" aria-hidden=\"true\"><\/div>\n<\/form>\n<\/div>\n\n","protected":false},"excerpt":{"rendered":"<p>Informujemy, \u017ce formularz s\u0142u\u017cy do zg\u0142oszenia nowego mityngu kt\u00f3rego nie ma jeszcze w spisie. W przypadku zauwa\u017cenia b\u0142\u0119d\u00f3w na spisie nale\u017cy u\u017cywa\u0107 opcji &#8222;Powiadom o nieprawid\u0142owych danych&#8221; kt\u00f3ry znajduje si\u0119 na dole strony danego mityngu.<\/p>\n","protected":false},"author":1,"featured_media":0,"parent":0,"menu_order":0,"comment_status":"closed","ping_status":"closed","template":"","meta":{"footnotes":""},"class_list":["post-15808","page","type-page","status-publish","hentry"],"_links":{"self":[{"href":"https:\/\/spis.aa.org.pl\/index.php\/wp-json\/wp\/v2\/pages\/15808","targetHints":{"allow":["GET"]}}],"collection":[{"href":"https:\/\/spis.aa.org.pl\/index.php\/wp-json\/wp\/v2\/pages"}],"about":[{"href":"https:\/\/spis.aa.org.pl\/index.php\/wp-json\/wp\/v2\/types\/page"}],"author":[{"embeddable":true,"href":"https:\/\/spis.aa.org.pl\/index.php\/wp-json\/wp\/v2\/users\/1"}],"replies":[{"embeddable":true,"href":"https:\/\/spis.aa.org.pl\/index.php\/wp-json\/wp\/v2\/comments?post=15808"}],"version-history":[{"count":4,"href":"https:\/\/spis.aa.org.pl\/index.php\/wp-json\/wp\/v2\/pages\/15808\/revisions"}],"predecessor-version":[{"id":26549,"href":"https:\/\/spis.aa.org.pl\/index.php\/wp-json\/wp\/v2\/pages\/15808\/revisions\/26549"}],"wp:attachment":[{"href":"https:\/\/spis.aa.org.pl\/index.php\/wp-json\/wp\/v2\/media?parent=15808"}],"curies":[{"name":"wp","href":"https:\/\/api.w.org\/{rel}","templated":true}]}}