{"id":4864,"date":"2020-01-01T18:35:32","date_gmt":"2020-01-01T17:35:32","guid":{"rendered":"https:\/\/spis.aa.org.pl\/?page_id=4864"},"modified":"2025-04-14T07:11:04","modified_gmt":"2025-04-14T05:11:04","slug":"pomoc","status":"publish","type":"page","link":"https:\/\/spis.aa.org.pl\/index.php\/pomoc\/","title":{"rendered":"Pomoc"},"content":{"rendered":"\n<p>W tym dziale znajdziesz informacje pomocne w u\u017cytkowaniu spisu oraz w jego administracji.<\/p>\n\n\n\n<h2 class=\"wp-block-heading\">Pytania i odpowiedzi<\/h2>\n\n\n\n<p><a href=\"https:\/\/spis.aa.org.pl\/index.php\/pytania-i-odpowiedzi\/\">U\u017cytkowanie nowego spisu<\/a><\/p>\n\n\n\n<p><a href=\"https:\/\/spis.aa.org.pl\/index.php\/pytania-i-odpowiedzi-administratorzy-baz-mityngow\/\">Administracja bazami mityng\u00f3w<\/a> (wymaga has\u0142a)<\/p>\n\n\n\n<h2 class=\"wp-block-heading\"><\/h2>\n","protected":false},"excerpt":{"rendered":"<p>W tym dziale znajdziesz informacje pomocne w u\u017cytkowaniu spisu oraz w jego administracji. Pytania i odpowiedzi U\u017cytkowanie nowego spisu Administracja bazami mityng\u00f3w (wymaga has\u0142a)<\/p>\n","protected":false},"author":1,"featured_media":0,"parent":0,"menu_order":0,"comment_status":"closed","ping_status":"closed","template":"","meta":{"footnotes":""},"class_list":["post-4864","page","type-page","status-publish","hentry"],"_links":{"self":[{"href":"https:\/\/spis.aa.org.pl\/index.php\/wp-json\/wp\/v2\/pages\/4864","targetHints":{"allow":["GET"]}}],"collection":[{"href":"https:\/\/spis.aa.org.pl\/index.php\/wp-json\/wp\/v2\/pages"}],"about":[{"href":"https:\/\/spis.aa.org.pl\/index.php\/wp-json\/wp\/v2\/types\/page"}],"author":[{"embeddable":true,"href":"https:\/\/spis.aa.org.pl\/index.php\/wp-json\/wp\/v2\/users\/1"}],"replies":[{"embeddable":true,"href":"https:\/\/spis.aa.org.pl\/index.php\/wp-json\/wp\/v2\/comments?post=4864"}],"version-history":[{"count":6,"href":"https:\/\/spis.aa.org.pl\/index.php\/wp-json\/wp\/v2\/pages\/4864\/revisions"}],"predecessor-version":[{"id":25057,"href":"https:\/\/spis.aa.org.pl\/index.php\/wp-json\/wp\/v2\/pages\/4864\/revisions\/25057"}],"wp:attachment":[{"href":"https:\/\/spis.aa.org.pl\/index.php\/wp-json\/wp\/v2\/media?parent=4864"}],"curies":[{"name":"wp","href":"https:\/\/api.w.org\/{rel}","templated":true}]}}