{"id":7,"date":"2019-09-20T12:23:55","date_gmt":"2019-09-20T10:23:55","guid":{"rendered":"https:\/\/spis.aa.org.pl\/?page_id=7"},"modified":"2021-04-17T07:32:58","modified_gmt":"2021-04-17T05:32:58","slug":"witaj","status":"publish","type":"page","link":"https:\/\/spis.aa.org.pl\/","title":{"rendered":"Witaj!"},"content":{"rendered":"\n<p>Znajdujesz si\u0119 na stronie internetowego spisu mityng\u00f3w Anonimowych Alkoholik\u00f3w w Polsce. Skorzystaj z jednej z dw\u00f3ch poni\u017cszych opcji przeszukiwania spisu, aby odnale\u017a\u0107 informacje na temat mityng\u00f3w AA:<\/p>\n\n\n\n<div class=\"wp-block-columns is-layout-flex wp-container-core-columns-is-layout-9d6595d7 wp-block-columns-is-layout-flex\">\n<div class=\"wp-block-column is-layout-flow wp-block-column-is-layout-flow\">\n<div class=\"wp-block-image\"><figure class=\"aligncenter size-large is-resized\"><img loading=\"lazy\" decoding=\"async\" src=\"https:\/\/spis.aa.org.pl\/wp-content\/uploads\/2020\/06\/Openstreetmap_logo.png\" alt=\"\" class=\"wp-image-13567\" width=\"141\" height=\"141\" srcset=\"https:\/\/spis.aa.org.pl\/wp-content\/uploads\/2020\/06\/Openstreetmap_logo.png 500w, https:\/\/spis.aa.org.pl\/wp-content\/uploads\/2020\/06\/Openstreetmap_logo-300x300.png 300w, https:\/\/spis.aa.org.pl\/wp-content\/uploads\/2020\/06\/Openstreetmap_logo-150x150.png 150w\" sizes=\"auto, (max-width: 141px) 85vw, 141px\" \/><\/figure><\/div>\n\n\n\n<div class=\"wp-block-button aligncenter\"><a class=\"wp-block-button__link has-background has-bright-blue-background-color\" href=\"https:\/\/spis.aa.org.pl\/index.php\/meetings\/?tsml-day=any&amp;tsml-mode=me\">Mityngi W twojej okolicy<\/a><\/div>\n<\/div>\n\n\n\n<div class=\"wp-block-column is-layout-flow wp-block-column-is-layout-flow\">\n<div class=\"wp-block-image\"><figure class=\"aligncenter size-large is-resized\"><img loading=\"lazy\" decoding=\"async\" src=\"https:\/\/spis.aa.org.pl\/wp-content\/uploads\/2020\/06\/sketchbook-156775_1280-914x1024.png\" alt=\"\" class=\"wp-image-13569\" width=\"129\" height=\"143\" srcset=\"https:\/\/spis.aa.org.pl\/wp-content\/uploads\/2020\/06\/sketchbook-156775_1280-268x300.png 268w, https:\/\/spis.aa.org.pl\/wp-content\/uploads\/2020\/06\/sketchbook-156775_1280-768x860.png 768w, https:\/\/spis.aa.org.pl\/wp-content\/uploads\/2020\/06\/sketchbook-156775_1280.png 1143w\" sizes=\"auto, (max-width: 129px) 85vw, 129px\" \/><\/figure><\/div>\n\n\n\n<div class=\"wp-block-button aligncenter\"><a class=\"wp-block-button__link has-background has-bright-blue-background-color\" href=\"https:\/\/spis.aa.org.pl\/index.php\/meetings\/?tsml-day=any\">Wszystkie mityngi<\/a><\/div>\n<\/div>\n<\/div>\n\n\n\n<p>Spis zawiera informacje na temat <strong>3405<\/strong> mityng\u00f3w w <strong>2384<\/strong> lokalizacjach.<\/p>\n\n\n\n<p class=\"has-text-color has-background has-dark-gray-color has-light-gray-background-color\">Niniejszy spis zawiera informacje przesy\u0142ane przez grupy. Pomimo stara\u0144 nie jeste\u015bmy w stanie zagwarantowa\u0107, \u017ce wszystkie dane s\u0105 zgodne ze stanem faktycznym. W razie dostrze\u017cenia nie\u015bcis\u0142o\u015bci, prosimy o przes\u0142anie powiadomienia poprzez formularz umieszczony przy danym mityngu.<\/p>\n\n\n\n<p>Godziny trwania mityng\u00f3w podane s\u0105 w czasie lokalnym.<\/p>\n\n\n\n<p>Je\u015bli wiesz o mityngu kt\u00f3ry nie jest prezentowany z spisie mo\u017cesz zawsze zg\u0142osi\u0107 takie spotkanie poprzez odpowiedni formularz rejestruj\u0105cy: <\/p>\n\n\n\n<div class=\"wp-block-columns is-layout-flex wp-container-core-columns-is-layout-9d6595d7 wp-block-columns-is-layout-flex\">\n<div class=\"wp-block-column is-layout-flow wp-block-column-is-layout-flow\">\n<div class=\"wp-block-image\"><figure class=\"aligncenter size-large\"><img loading=\"lazy\" decoding=\"async\" width=\"190\" height=\"190\" src=\"https:\/\/spis.aa.org.pl\/wp-content\/uploads\/2021\/04\/association-152746_640-e1618636795599.png\" alt=\"mityng stacjonarny\" class=\"wp-image-16454\"\/><\/figure><\/div>\n\n\n\n<div class=\"wp-block-buttons is-layout-flex wp-block-buttons-is-layout-flex\">\n<div class=\"wp-block-button is-style-outline is-style-outline--1\"><a class=\"wp-block-button__link\" href=\"https:\/\/spis.aa.org.pl\/index.php\/zgloszenia-dopisania-do-spisu-mitingow\/\"><strong>ZG\u0141O\u015a MITYNG STACJONARNY<\/strong><\/a><\/div>\n<\/div>\n<\/div>\n\n\n\n<div class=\"wp-block-column is-layout-flow wp-block-column-is-layout-flow\">\n<div class=\"wp-block-image\"><figure class=\"aligncenter size-full is-resized\"><img loading=\"lazy\" decoding=\"async\" src=\"https:\/\/spis.aa.org.pl\/wp-content\/uploads\/2021\/04\/chat-1873543_640-e1618636452543.png\" alt=\"Mityng online\" class=\"wp-image-16447\" width=\"190\" height=\"190\"\/><\/figure><\/div>\n\n\n\n<div class=\"wp-block-buttons is-layout-flex wp-block-buttons-is-layout-flex\">\n<div class=\"wp-block-button is-style-outline is-style-outline--2\"><a class=\"wp-block-button__link\" href=\"https:\/\/spis.aa.org.pl\/index.php\/zgloszenie-o-dopisanie-do-spisu-mitingow-online\/\">Zg\u0142o\u015b mityng w wersji online<\/a><\/div>\n<\/div>\n\n\n\n<p><\/p>\n<\/div>\n<\/div>\n\n\n\n<p><\/p>\n","protected":false},"excerpt":{"rendered":"<p>Znajdujesz si\u0119 na stronie internetowego spisu mityng\u00f3w Anonimowych Alkoholik\u00f3w w Polsce. Skorzystaj z jednej z dw\u00f3ch poni\u017cszych opcji przeszukiwania spisu, aby odnale\u017a\u0107 informacje na temat mityng\u00f3w AA: Spis zawiera informacje na temat mityng\u00f3w w lokalizacjach. Niniejszy spis zawiera informacje przesy\u0142ane przez grupy. Pomimo stara\u0144 nie jeste\u015bmy w stanie zagwarantowa\u0107, \u017ce wszystkie dane s\u0105 zgodne ze &hellip; <a href=\"https:\/\/spis.aa.org.pl\/\" class=\"more-link\">Czytaj dalej<span class=\"screen-reader-text\"> Witaj!<\/span><\/a><\/p>\n","protected":false},"author":1,"featured_media":0,"parent":0,"menu_order":0,"comment_status":"closed","ping_status":"closed","template":"","meta":{"footnotes":""},"class_list":["post-7","page","type-page","status-publish","hentry"],"_links":{"self":[{"href":"https:\/\/spis.aa.org.pl\/index.php\/wp-json\/wp\/v2\/pages\/7","targetHints":{"allow":["GET"]}}],"collection":[{"href":"https:\/\/spis.aa.org.pl\/index.php\/wp-json\/wp\/v2\/pages"}],"about":[{"href":"https:\/\/spis.aa.org.pl\/index.php\/wp-json\/wp\/v2\/types\/page"}],"author":[{"embeddable":true,"href":"https:\/\/spis.aa.org.pl\/index.php\/wp-json\/wp\/v2\/users\/1"}],"replies":[{"embeddable":true,"href":"https:\/\/spis.aa.org.pl\/index.php\/wp-json\/wp\/v2\/comments?post=7"}],"version-history":[{"count":36,"href":"https:\/\/spis.aa.org.pl\/index.php\/wp-json\/wp\/v2\/pages\/7\/revisions"}],"predecessor-version":[{"id":16463,"href":"https:\/\/spis.aa.org.pl\/index.php\/wp-json\/wp\/v2\/pages\/7\/revisions\/16463"}],"wp:attachment":[{"href":"https:\/\/spis.aa.org.pl\/index.php\/wp-json\/wp\/v2\/media?parent=7"}],"curies":[{"name":"wp","href":"https:\/\/api.w.org\/{rel}","templated":true}]}}